{"id":4028,"date":"2022-09-16T12:03:44","date_gmt":"2022-09-16T10:03:44","guid":{"rendered":"https:\/\/valipac.academy\/modules\/gaining-a-better-understanding-of-the-legislation\/belgian-legislative-framework\/contexte-legislatif-wallon\/"},"modified":"2023-08-25T16:08:07","modified_gmt":"2023-08-25T14:08:07","slug":"walloon-legislative-framework","status":"publish","type":"page","link":"https:\/\/valipac.academy\/en\/modules\/gaining-a-better-understanding-of-the-legislation\/belgian-legislative-framework\/walloon-legislative-framework\/","title":{"rendered":"Walloon legislative framework"},"content":{"rendered":"<p>In Wallonia, the competent administrative authority is the\u00a0<a href=\"http:\/\/environnement.wallonie.be\/\" target=\"_blank\" rel=\"noopener\">Service Public de Wallonie \u2013 D\u00e9partement du Sol et des D\u00e9chets<\/a>.<\/p>\n<p>The texts relating to environmental legislation are included in the D\u00e9cret D\u00e9chets and the Arr\u00eat\u00e9 tri.<\/p>\n<p><img decoding=\"async\" class=\"alignnone wp-image-946 lazyload\" data-src=\"https:\/\/valipac.academy\/wp-content\/uploads\/2022\/09\/wallonie-spw.png\" alt=\"Wallonie Spw\" width=\"239\" height=\"81\" src=\"data:image\/svg+xml;base64,PHN2ZyB3aWR0aD0iMSIgaGVpZ2h0PSIxIiB4bWxucz0iaHR0cDovL3d3dy53My5vcmcvMjAwMC9zdmciPjwvc3ZnPg==\" style=\"--smush-placeholder-width: 239px; --smush-placeholder-aspect-ratio: 239\/81;\" \/><\/p>\n","protected":false},"excerpt":{"rendered":"<p>In Wallonia, the competent administrative authority is the\u00a0Service Public de Wallonie \u2013 D\u00e9partement du Sol et des D\u00e9chets. The texts [&hellip;]<\/p>\n","protected":false},"author":1,"featured_media":3678,"parent":4023,"menu_order":132,"comment_status":"closed","ping_status":"closed","template":"template-page\/module-child.php","meta":{"_acf_changed":false,"footnotes":""},"class_list":["post-4028","page","type-page","status-publish","has-post-thumbnail","hentry"],"acf":[],"_links":{"self":[{"href":"https:\/\/valipac.academy\/en\/wp-json\/wp\/v2\/pages\/4028","targetHints":{"allow":["GET"]}}],"collection":[{"href":"https:\/\/valipac.academy\/en\/wp-json\/wp\/v2\/pages"}],"about":[{"href":"https:\/\/valipac.academy\/en\/wp-json\/wp\/v2\/types\/page"}],"author":[{"embeddable":true,"href":"https:\/\/valipac.academy\/en\/wp-json\/wp\/v2\/users\/1"}],"replies":[{"embeddable":true,"href":"https:\/\/valipac.academy\/en\/wp-json\/wp\/v2\/comments?post=4028"}],"version-history":[{"count":2,"href":"https:\/\/valipac.academy\/en\/wp-json\/wp\/v2\/pages\/4028\/revisions"}],"predecessor-version":[{"id":4680,"href":"https:\/\/valipac.academy\/en\/wp-json\/wp\/v2\/pages\/4028\/revisions\/4680"}],"up":[{"embeddable":true,"href":"https:\/\/valipac.academy\/en\/wp-json\/wp\/v2\/pages\/4023"}],"wp:featuredmedia":[{"embeddable":true,"href":"https:\/\/valipac.academy\/en\/wp-json\/wp\/v2\/media\/3678"}],"wp:attachment":[{"href":"https:\/\/valipac.academy\/en\/wp-json\/wp\/v2\/media?parent=4028"}],"curies":[{"name":"wp","href":"https:\/\/api.w.org\/{rel}","templated":true}]}}