{"id":1272,"date":"2022-09-16T12:03:44","date_gmt":"2022-09-16T10:03:44","guid":{"rendered":"https:\/\/valipac.academy\/de-modules\/de-wetgeving-begrijpen\/packaging-and-packaging-waste-directive\/contexte-legislatif-wallon\/"},"modified":"2023-08-25T16:05:42","modified_gmt":"2023-08-25T14:05:42","slug":"waals-wetgevend-kader","status":"publish","type":"page","link":"https:\/\/valipac.academy\/nl\/de-modules\/de-wetgeving-begrijpen\/belgisch-wetgevend-kader\/waals-wetgevend-kader\/","title":{"rendered":"Waals wetgevend kader"},"content":{"rendered":"<p>In Walloni\u00eb is de bevoegde administratie de <a href=\"http:\/\/environnement.wallonie.be\/\" target=\"_blank\" rel=\"noopener\">Service Public de Wallonie \u2013 D\u00e9partement du Sol et des D\u00e9chets<\/a>.<\/p>\n<p>De teksten met betrekking tot de milieuwetgeving zijn opgenomen in het D\u00e9cret D\u00e9chets en het Arr\u00eat\u00e9 tri.<\/p>\n<p><img decoding=\"async\" class=\"alignnone wp-image-946 lazyload\" data-src=\"https:\/\/valipac.academy\/wp-content\/uploads\/2022\/09\/wallonie-spw.png\" alt=\"Wallonie Spw\" width=\"239\" height=\"81\" src=\"data:image\/svg+xml;base64,PHN2ZyB3aWR0aD0iMSIgaGVpZ2h0PSIxIiB4bWxucz0iaHR0cDovL3d3dy53My5vcmcvMjAwMC9zdmciPjwvc3ZnPg==\" style=\"--smush-placeholder-width: 239px; --smush-placeholder-aspect-ratio: 239\/81;\" \/><\/p>\n","protected":false},"excerpt":{"rendered":"<p>In Walloni\u00eb is de bevoegde administratie de Service Public de Wallonie \u2013 D\u00e9partement du Sol et des D\u00e9chets. De teksten [&hellip;]<\/p>\n","protected":false},"author":1,"featured_media":1396,"parent":1263,"menu_order":131,"comment_status":"closed","ping_status":"closed","template":"template-page\/module-child.php","meta":{"_acf_changed":false,"footnotes":""},"class_list":["post-1272","page","type-page","status-publish","has-post-thumbnail","hentry"],"acf":[],"_links":{"self":[{"href":"https:\/\/valipac.academy\/nl\/wp-json\/wp\/v2\/pages\/1272","targetHints":{"allow":["GET"]}}],"collection":[{"href":"https:\/\/valipac.academy\/nl\/wp-json\/wp\/v2\/pages"}],"about":[{"href":"https:\/\/valipac.academy\/nl\/wp-json\/wp\/v2\/types\/page"}],"author":[{"embeddable":true,"href":"https:\/\/valipac.academy\/nl\/wp-json\/wp\/v2\/users\/1"}],"replies":[{"embeddable":true,"href":"https:\/\/valipac.academy\/nl\/wp-json\/wp\/v2\/comments?post=1272"}],"version-history":[{"count":10,"href":"https:\/\/valipac.academy\/nl\/wp-json\/wp\/v2\/pages\/1272\/revisions"}],"predecessor-version":[{"id":4678,"href":"https:\/\/valipac.academy\/nl\/wp-json\/wp\/v2\/pages\/1272\/revisions\/4678"}],"up":[{"embeddable":true,"href":"https:\/\/valipac.academy\/nl\/wp-json\/wp\/v2\/pages\/1263"}],"wp:featuredmedia":[{"embeddable":true,"href":"https:\/\/valipac.academy\/nl\/wp-json\/wp\/v2\/media\/1396"}],"wp:attachment":[{"href":"https:\/\/valipac.academy\/nl\/wp-json\/wp\/v2\/media?parent=1272"}],"curies":[{"name":"wp","href":"https:\/\/api.w.org\/{rel}","templated":true}]}}